{"id":68,"date":"2016-09-23T13:00:40","date_gmt":"2016-09-23T13:00:40","guid":{"rendered":"http:\/\/alemannia-verkauftmannicht.de\/?page_id=68"},"modified":"2016-09-24T11:02:30","modified_gmt":"2016-09-24T11:02:30","slug":"faq","status":"publish","type":"page","link":"http:\/\/alemannia-verkauftmannicht.de\/?page_id=68","title":{"rendered":"FAQ"},"content":{"rendered":"<div class=\"su-accordion su-u-trim\">\n<div class=\"su-spoiler su-spoiler-style-fancy su-spoiler-icon-plus su-spoiler-closed\" data-scroll-offset=\"0\" data-anchor-in-url=\"no\"><div class=\"su-spoiler-title\" tabindex=\"0\" role=\"button\"><span class=\"su-spoiler-icon\"><\/span>Wie viele Anteile sollen verkauft werden?<\/div><div class=\"su-spoiler-content su-u-clearfix su-u-trim\">Anfangs war die Rede von 49,9 % der Anteile. Seit der Jahreshauptversammlung ist klar, dass zuerst 49,9 % und nach Fall der 50+1 Regel weitere 30,1%, so dass 80 % der Anteile der GmbH an einen Investor verkauft werden sollen.<\/div><\/div>\n  <div class=\"su-spoiler su-spoiler-style-fancy su-spoiler-icon-plus su-spoiler-closed\" data-scroll-offset=\"0\" data-anchor-in-url=\"no\"><div class=\"su-spoiler-title\" tabindex=\"0\" role=\"button\"><span class=\"su-spoiler-icon\"><\/span>Was ist die 50 + 1 Regel?<\/div><div class=\"su-spoiler-content su-u-clearfix su-u-trim\">Die 50+1 Regel verhindert momentan im deutschen Fu\u00dfball, dass ein Investor \u00fcber die H\u00e4lfte der Stimmanteile eines Fu\u00dfballvereins besitzen kann. Damit wird verhindert, dass die Mitglieder des Vereins entmachtet werden. <\/div><\/div>\n  <div class=\"su-spoiler su-spoiler-style-fancy su-spoiler-icon-plus su-spoiler-closed\" data-scroll-offset=\"0\" data-anchor-in-url=\"no\"><div class=\"su-spoiler-title\" tabindex=\"0\" role=\"button\"><span class=\"su-spoiler-icon\"><\/span>Was w\u00fcrde der Fall der 50+1 Regel bedeuten?<\/div><div class=\"su-spoiler-content su-u-clearfix su-u-trim\"> Ein Fall der 50+1 Regel w\u00fcrde f\u00fcr viele Vereine bedeuten, dass die Mitglieder keine Mehrheit mehr im Verein besitzen, oder gar kein Stimmrecht mehr haben. So k\u00f6nnten Investoren ohne Einschr\u00e4nkungen \u00fcber das Schicksal zahlreicher Clubs frei entscheiden. <\/div><\/div>\n  <div class=\"su-spoiler su-spoiler-style-fancy su-spoiler-icon-plus su-spoiler-closed\" data-scroll-offset=\"0\" data-anchor-in-url=\"no\"><div class=\"su-spoiler-title\" tabindex=\"0\" role=\"button\"><span class=\"su-spoiler-icon\"><\/span>Was soll verkauft werden?<\/div><div class=\"su-spoiler-content su-u-clearfix su-u-trim\"> Verkauft werden erstmal Kapitalanteile. Diese gehen aber in der Regel bis zu der 49,9% Marke mit den Stimmanteilen einher. Wenn also ein Investor 80% der Kapitalanteile kauft, bekommt er zun\u00e4chst nur 49,9% der Stimmanteile. Beim Fall der 50+1 Regel w\u00e4re der Investor aber in der Lage, weitere Stimmanteile zu kaufen und so die Mitglieder vollst\u00e4ndig zu entmachten. <\/div><\/div>\n<div class=\"su-spoiler su-spoiler-style-fancy su-spoiler-icon-plus su-spoiler-closed\" data-scroll-offset=\"0\" data-anchor-in-url=\"no\"><div class=\"su-spoiler-title\" tabindex=\"0\" role=\"button\"><span class=\"su-spoiler-icon\"><\/span>Was ist der Unterschied zwischen dem Verein und der Spielbetriebsgesellschaft?<\/div><div class=\"su-spoiler-content su-u-clearfix su-u-trim\">Die erste und zweite Fu\u00dfballmannschaft der Alemannia sind vom Verein in die Spielbetriebsgesellschaft ausgegliedert, also eine separate GmbH. Jedoch geh\u00f6ren dem e.V. 100% der GmbH, weshalb die Mitglieder des Vereins vollst\u00e4ndig \u00fcber die GmbH entscheiden k\u00f6nnen.<\/div><\/div>\n<div class=\"su-spoiler su-spoiler-style-fancy su-spoiler-icon-plus su-spoiler-closed\" data-scroll-offset=\"0\" data-anchor-in-url=\"no\"><div class=\"su-spoiler-title\" tabindex=\"0\" role=\"button\"><span class=\"su-spoiler-icon\"><\/span>Was versprechen sich die Investoren?<\/div><div class=\"su-spoiler-content su-u-clearfix su-u-trim\">Das kommt drauf an, was f\u00fcr ein Unternehmen investiert. H\u00e4ufig sind Investoren an den Fernsehgeldern interessiert, welche momentan in Deutschland ein lukratives Gesch\u00e4ft darstellen. Wieder andere Unternehmen k\u00f6nnten an den Spielern interessiert sein, welche sich mit hohen Abl\u00f6sesummen weiterverkaufen lie\u00dfen, was nat\u00fcrlich f\u00fcr den Verein bedeuten w\u00fcrde, dass die besten Spieler bei guten Angeboten sofort weiterverkauft werden w\u00fcrden, egal wie gro\u00df deren sportlicher Nutzen f\u00fcr die Mannschaft w\u00e4re.<br \/>\n<\/div><\/div>\n<div class=\"su-spoiler su-spoiler-style-fancy su-spoiler-icon-plus su-spoiler-closed\" data-scroll-offset=\"0\" data-anchor-in-url=\"no\"><div class=\"su-spoiler-title\" tabindex=\"0\" role=\"button\"><span class=\"su-spoiler-icon\"><\/span>Was ist die Sperrminorit\u00e4t?<\/div><div class=\"su-spoiler-content su-u-clearfix su-u-trim\">Eine Sperrminorit\u00e4t bezeichnet die M\u00f6glichkeit einer Minderheit, wichtige Entscheidungen zu verhindern. Im GmbH-Gesetz ben\u00f6tigt man f\u00fcr satzungs\u00e4ndernde Beschl\u00fcsse eine \u00be-Mehrheit. Bei einem Verkauf von 80 % der Anteile an der GmbH ist eine Sperrminorit\u00e4t nicht mehr gegeben.<\/div><\/div>\n<div class=\"su-spoiler su-spoiler-style-fancy su-spoiler-icon-plus su-spoiler-closed\" data-scroll-offset=\"0\" data-anchor-in-url=\"no\"><div class=\"su-spoiler-title\" tabindex=\"0\" role=\"button\"><span class=\"su-spoiler-icon\"><\/span>Was bedeutet ein Investoreneinstieg f\u00fcr den Verein?<\/div><div class=\"su-spoiler-content su-u-clearfix su-u-trim\">Der Verein w\u00fcrde an Bedeutung verlieren, da die Mitglieder nicht mehr oder nur noch zu geringen Teilen auf Entscheidungen der GmbH Einfluss nehmen k\u00f6nnen. Es ist zu erwarten, dass sich ein Teil der 6.300 aus dem e.V. abmelden werden, da diese sich dem Verein des Fu\u00dfball wegens verbunden f\u00fchlen.<\/div><\/div>\n<\/div>\n","protected":false},"excerpt":{"rendered":"","protected":false},"author":1,"featured_media":0,"parent":0,"menu_order":0,"comment_status":"closed","ping_status":"closed","template":"","meta":[],"aioseo_notices":[],"_links":{"self":[{"href":"http:\/\/alemannia-verkauftmannicht.de\/index.php?rest_route=\/wp\/v2\/pages\/68"}],"collection":[{"href":"http:\/\/alemannia-verkauftmannicht.de\/index.php?rest_route=\/wp\/v2\/pages"}],"about":[{"href":"http:\/\/alemannia-verkauftmannicht.de\/index.php?rest_route=\/wp\/v2\/types\/page"}],"author":[{"embeddable":true,"href":"http:\/\/alemannia-verkauftmannicht.de\/index.php?rest_route=\/wp\/v2\/users\/1"}],"replies":[{"embeddable":true,"href":"http:\/\/alemannia-verkauftmannicht.de\/index.php?rest_route=%2Fwp%2Fv2%2Fcomments&post=68"}],"version-history":[{"count":10,"href":"http:\/\/alemannia-verkauftmannicht.de\/index.php?rest_route=\/wp\/v2\/pages\/68\/revisions"}],"predecessor-version":[{"id":81,"href":"http:\/\/alemannia-verkauftmannicht.de\/index.php?rest_route=\/wp\/v2\/pages\/68\/revisions\/81"}],"wp:attachment":[{"href":"http:\/\/alemannia-verkauftmannicht.de\/index.php?rest_route=%2Fwp%2Fv2%2Fmedia&parent=68"}],"curies":[{"name":"wp","href":"https:\/\/api.w.org\/{rel}","templated":true}]}}